{"id":189,"date":"2019-06-07T21:03:21","date_gmt":"2019-06-07T19:03:21","guid":{"rendered":"https:\/\/www.tassilo-timm.de\/?page_id=189"},"modified":"2019-06-26T14:44:13","modified_gmt":"2019-06-26T12:44:13","slug":"philosophie","status":"publish","type":"page","link":"https:\/\/www.tassilo-timm.de\/?page_id=189","title":{"rendered":"Ich liebe Sophie*"},"content":{"rendered":"\n<p class=\"has-medium-font-size\">oder<\/p>\n\n\n\n<h2 class=\"wp-block-heading\">Philo-Sophie<\/h2>\n\n\n\n<h3 class=\"wp-block-heading\">*<strong>S<\/strong>elbst <strong>o<\/strong>hne <strong>p<\/strong>lan: <strong>h<\/strong>oher <strong>i<\/strong>nnerer <strong>E<\/strong>insatz<\/h3>\n\n\n\n<p class=\"has-medium-font-size\">    &nbsp; <\/p>\n\n\n\n<p style=\"text-align:justify; width:600px;\">Mein Leben und Kunstschaffen changiert zwischen vielen Polen und oft auch vielen St\u00fchlen. Was ich den einen oft zu b\u00fcrgerlich spie\u00dfig war, z.B. stringentes Projektmanagement, war ich den anderen oft zu sehr Bedrohung ihrer (scheinbar) gesicherten Vorstellungswelt, z.B. bewusstes Verfremden  allt\u00e4glicher Gegenst\u00e4nde und Handlungen (=Happening). Dieses manchmal extrem anstrengende Spannungsfeld in eine gute Geschichte und gute Energie zu verwandeln, gelingt nur, wenn das Potential der  V&nbsp;e&nbsp;r&nbsp;k&nbsp;n&nbsp;\u00fc&nbsp;p&nbsp;f&nbsp;u&nbsp;n&nbsp;g  der verschiedensten Lebens- und Kunstbereiche erkannt und in der Denke bzw Freiheit des Cross-over, des Interdisziplin\u00e4ren, des \u00dcber-Grenzen-hinaus ihre Umsetzung findet.   <\/p>\n\n\n\n<p style=\"text-align:justify; width:600px;\">F\u00fcr das Entwickeln einer Vision ist der platte Gedanke an Erfolg (und leider einhergehend: Geld) und Angst vor Aufwand eher hinderlich, w\u00e4hrend bei der Realisierung der reine Glaube an die Kraft der Vision zu schnell zu viel Energien raubt und vor allem zu einsam machen kann. Oder wird letztlich der wahre K\u00fcnstler sowieso einsam, weil er aus anderen Welten sch\u00f6pft und damit arbeitet?<\/p>\n\n\n\n<h2 class=\"wp-block-heading\">&nbsp;<\/h2>\n\n\n\n<h2 class=\"wp-block-heading\"><strong>Pr\u00e4gungen<\/strong>:<\/h2>\n\n\n\n<p> &nbsp; <\/p>\n\n\n\n<p style=\"text-align:justify; width:600px;\">Eine Geburtstagskarte meiner Gro\u00dfmutter an den Steppke hat bewusst und unbewusst mich ein Leben lang beeinflusst: <em>\u201eWer auch an andere denkt\/und Mensch und Tiere liebt\/f\u00fchlt selbst am Reichsten sich beschenkt\/durch Freude, die er gibt.\u201c<\/em><\/p>\n\n\n\n<p style=\"text-align:justify; width:600px;\">Die durchaus gehasste Antwort, als ich\nmir bei meinen ersten Auftritten beim Freund und Variteeprofi Volker\nBrems Rat einholte, muss ich als bittere Erfahrung in meinen\nErfahrungsschatz wohl hinnehmen: <em>\u201eDein Auftritt ist nur so viel\nWert, wie die Leute bereit sind zu bezahlen.\u201c<\/em><\/p>\n\n\n\n<p style=\"text-align:justify; width:600px;\">Man mag \u00fcber Goethe (und so manche\n\u201eklassischen\u201c Ber\u00fchmtheiten) denken, wie man will, aber die\nFrage zu seinem gewaltigen Output finden sich als Antworten in seinen\nZitaten wieder: <em>\u201eTages Arbeit, abends G\u00e4ste\u201c<\/em> und <em>\u201eWer\nsich nicht selbst besiegt, bleibt ewig Knecht.\u201c<\/em><\/p>\n\n\n\n<p style=\"text-align:justify; width:600px;\">Je mehr auf das <em>\u201eKlappern geh\u00f6rt zum Handwerk (u.a. Public Relation)\u201c<\/em> geschaut wird, desto mehr vergr\u00f6\u00dfert sich der Abstand zum Wesentlichen, zum Tun, zum Output. \n<\/p>\n","protected":false},"excerpt":{"rendered":"<p>oder Philo-Sophie *Selbst ohne plan: hoher innerer Einsatz &nbsp; Mein Leben und Kunstschaffen changiert zwischen vielen Polen und oft auch vielen St\u00fchlen. Was ich den einen oft zu b\u00fcrgerlich spie\u00dfig war, z.B. stringentes Projektmanagement, war ich den anderen oft zu sehr Bedrohung ihrer (scheinbar) gesicherten Vorstellungswelt, z.B. bewusstes Verfremden allt\u00e4glicher Gegenst\u00e4nde und Handlungen (=Happening). Dieses [&hellip;]<\/p>\n","protected":false},"author":1,"featured_media":0,"parent":42,"menu_order":0,"comment_status":"closed","ping_status":"closed","template":"page-templates\/page-nosidebars.php","meta":{"footnotes":""},"class_list":["post-189","page","type-page","status-publish","hentry"],"_links":{"self":[{"href":"https:\/\/www.tassilo-timm.de\/index.php?rest_route=\/wp\/v2\/pages\/189","targetHints":{"allow":["GET"]}}],"collection":[{"href":"https:\/\/www.tassilo-timm.de\/index.php?rest_route=\/wp\/v2\/pages"}],"about":[{"href":"https:\/\/www.tassilo-timm.de\/index.php?rest_route=\/wp\/v2\/types\/page"}],"author":[{"embeddable":true,"href":"https:\/\/www.tassilo-timm.de\/index.php?rest_route=\/wp\/v2\/users\/1"}],"replies":[{"embeddable":true,"href":"https:\/\/www.tassilo-timm.de\/index.php?rest_route=%2Fwp%2Fv2%2Fcomments&post=189"}],"version-history":[{"count":21,"href":"https:\/\/www.tassilo-timm.de\/index.php?rest_route=\/wp\/v2\/pages\/189\/revisions"}],"predecessor-version":[{"id":278,"href":"https:\/\/www.tassilo-timm.de\/index.php?rest_route=\/wp\/v2\/pages\/189\/revisions\/278"}],"up":[{"embeddable":true,"href":"https:\/\/www.tassilo-timm.de\/index.php?rest_route=\/wp\/v2\/pages\/42"}],"wp:attachment":[{"href":"https:\/\/www.tassilo-timm.de\/index.php?rest_route=%2Fwp%2Fv2%2Fmedia&parent=189"}],"curies":[{"name":"wp","href":"https:\/\/api.w.org\/{rel}","templated":true}]}}