{"id":316,"date":"2019-08-06T16:29:21","date_gmt":"2019-08-06T14:29:21","guid":{"rendered":"https:\/\/www.tassilo-timm.de\/?page_id=316"},"modified":"2019-08-06T18:25:44","modified_gmt":"2019-08-06T16:25:44","slug":"faehr-play-matinee","status":"publish","type":"page","link":"https:\/\/www.tassilo-timm.de\/?page_id=316","title":{"rendered":"F\u00e4hr-Play Matinee"},"content":{"rendered":"\n<figure class=\"wp-block-image\"><img loading=\"lazy\" decoding=\"async\" width=\"1024\" height=\"575\" src=\"https:\/\/www.tassilo-timm.de\/wp-content\/uploads\/2019\/08\/WP_20190623_15_44_50_Pro-1024x575.jpg\" alt=\"\" class=\"wp-image-318\" srcset=\"https:\/\/www.tassilo-timm.de\/wp-content\/uploads\/2019\/08\/WP_20190623_15_44_50_Pro-1024x575.jpg 1024w, https:\/\/www.tassilo-timm.de\/wp-content\/uploads\/2019\/08\/WP_20190623_15_44_50_Pro-300x169.jpg 300w, https:\/\/www.tassilo-timm.de\/wp-content\/uploads\/2019\/08\/WP_20190623_15_44_50_Pro-768x431.jpg 768w\" sizes=\"auto, (max-width: 1024px) 100vw, 1024px\" \/><figcaption>Eingang zum Alten Hafen Leopoldshafen<\/figcaption><\/figure>\n\n\n\n<figure class=\"wp-block-image\"><img loading=\"lazy\" decoding=\"async\" width=\"1024\" height=\"575\" src=\"https:\/\/www.tassilo-timm.de\/wp-content\/uploads\/2019\/08\/WP_20190623_10_44_10_Pro-1024x575.jpg\" alt=\"\" class=\"wp-image-320\" srcset=\"https:\/\/www.tassilo-timm.de\/wp-content\/uploads\/2019\/08\/WP_20190623_10_44_10_Pro-1024x575.jpg 1024w, https:\/\/www.tassilo-timm.de\/wp-content\/uploads\/2019\/08\/WP_20190623_10_44_10_Pro-300x169.jpg 300w, https:\/\/www.tassilo-timm.de\/wp-content\/uploads\/2019\/08\/WP_20190623_10_44_10_Pro-768x431.jpg 768w\" sizes=\"auto, (max-width: 1024px) 100vw, 1024px\" \/><figcaption>Vorbereitung &#8211; und gleich oder sp\u00e4ter geht\u00b4s los &#8230;<\/figcaption><\/figure>\n\n\n\n<figure class=\"wp-block-image\"><img loading=\"lazy\" decoding=\"async\" width=\"1024\" height=\"575\" src=\"https:\/\/www.tassilo-timm.de\/wp-content\/uploads\/2019\/08\/WP_20190623_11_39_43_Pro-1024x575.jpg\" alt=\"\" class=\"wp-image-321\" srcset=\"https:\/\/www.tassilo-timm.de\/wp-content\/uploads\/2019\/08\/WP_20190623_11_39_43_Pro-1024x575.jpg 1024w, https:\/\/www.tassilo-timm.de\/wp-content\/uploads\/2019\/08\/WP_20190623_11_39_43_Pro-300x169.jpg 300w, https:\/\/www.tassilo-timm.de\/wp-content\/uploads\/2019\/08\/WP_20190623_11_39_43_Pro-768x431.jpg 768w\" sizes=\"auto, (max-width: 1024px) 100vw, 1024px\" \/><figcaption>Die R\u00e4nge f\u00fcllen sich.<\/figcaption><\/figure>\n\n\n\n<h2 class=\"wp-block-heading\"><\/h2>\n\n\n\n<p><strong>PAMINA-Fest mit F\u00e4hr-play-Matinee und mehr<\/strong><\/p>\n\n\n\n<p>Die AG Ortsgeschichte Eggenstein-Leopoldshafen hatte ein tolles Programm f\u00fcr Gro\u00df &amp; Klein zusammengestellt. Frische Luft, Bewegung, Natur, Musik, F\u00fchrungen, Basteln und k\u00fchle erfrischende Getr\u00e4nke zu leckerem \u201ePiraten-Flammkuchen\u201c. Wer Kaffee &amp; Kuchen liebt war bei der &#8222;Leobande&#8220; richtig. Ein idealer Rahmen, um die Seele baumeln zu lassen und den Sonntag entspannt zu genie\u00dfen.<\/p>\n\n\n\n<p>Geplantes <strong>Programm<\/strong> mit Hochwasser bedingten \u00c4nderungen:<\/p>\n\n\n\n<p>10.00 Uhr Rad-Naturf\u00fchrung &#8211; Schreck, Start bei F\u00e4hre<\/p>\n\n\n\n<p>11.00 Uhr Tassilo\u00b4s F\u00e4hr play Matinee mit Weltmusik von Trio Bagatello<\/p>\n\n\n\n<p>ab 11.00 Uhr Kinderaktion mit der Leobande: Aktivprogramm und Basteln <\/p>\n\n\n\n<p>12.00\nUhr F\u00fchrung Museumsf\u00e4hre &#8211; J\u00fcrgen Loch<\/p>\n\n\n\n<p>13.00\nUhr F\u00fchrung Heimatmuseum Leopoldstra\u00dfe 12 \u2013 Kranich\/Stern<\/p>\n\n\n\n<p>14.00\nUhr F\u00fchrung Heimathaus Ankerberg 8 \u2013 Stern\/Wanke\/Kiefer<\/p>\n\n\n\n<p>15.00\nUhr F\u00fchrung Museumsf\u00e4hre<\/p>\n\n\n\n<p>kostenfreie\nF\u00e4hrfahrten (ca. 13 bis 17.00 Uhr)<\/p>\n\n\n\n<p>Flammkuchen,\nW\u00fcrstchen vom Grill, Kaffee &amp; Kuchen, verschiedene Getr\u00e4nke<\/p>\n\n\n\n<p>Los\ngeht das F\u00e4hrfest im Alten Hafen um 10 Uhr mit der Radtour in die umgebende\nNatur. Ralf Schreck wird Sie auf kleine Wunder am Wegesrand aufmerksam machen,\nvieles verst\u00e4ndlich erl\u00e4utern und insbesondere auf Kinder eingehen. Es gibt\nviel zu entdecken in unseren heimischen Auen und mit Naturkenner Schreck\nerleben Sie immer wieder was Neues.<\/p>\n\n\n\n<p>Im Hafenterrain werden besondere\nKl\u00e4nge zu h\u00f6ren sein. Das Trio Bagatello wird ab 11 Uhr f\u00fcr jeweils 10 bis 15\nMinuten F\u00e4hrfahrt auf dem Altrheinarm den wechselnden F\u00e4hrg\u00e4sten aufspielen mit\nWeltmusik wie Klezmer und Balkan-Jazz. Danach kann am romantischen\nSanduferstrand weitergelauscht, mit eigenem Instrument gejammt und die individuelle\nPicknick-Kreativit\u00e4t mit der Familie ausgelebt werden. Die neue Hausgemeinschaft\ndes Piraten stellt Paddelboote auf eigene Verantwortung zur Verf\u00fcgung, um die\nF\u00e4hre zur <em>F\u00e4hr play Matinee<\/em> zu\numrunden.<\/p>\n\n\n\n<p>Kinder\nk\u00f6nnen zusammen mit der Leobande \u201eGoldwaschen\u201c, Schiffe und Fische basteln sowie nicht ganz echte Rheinfische\nangeln. Wenn Kinder den Namen der Fische richtig eintragen &#8211; in Deutsch und Franz\u00f6sisch,\nschlie\u00dflich ist l\u00e4nder\u00fcbergreifendes PAMINA-Fest &#8211; kann eines die Freikarte f\u00fcr\ndas Aquarium Sea-Live in Speyer gewinnen. Zus\u00e4tzlich gibt es einen kleinen\nFlohmarkt Kinder f\u00fcr Kinder, d.h. Kinder k\u00f6nnen auf Picknickdecken ihre &nbsp;Spielsachen verkaufen. <\/p>\n\n\n\n<p>Die\nMitglieder der AG Ortsgeschichte freuen sich auf Sie am PAMINA-&#8222;Wochenende\nder Begegnungen und Mobilit\u00e4t am Rhein&#8220; am 23. Juni 2019. F\u00fchrungen in den\nMuseen und Spa\u00df f\u00fcr die Kinder mit der Leobande versprechen einen kurzweiligen\nSonntag mit viel Kultur, gerne in der Natur. Um 12 und 15 Uhr erz\u00e4hlt Ihnen\nJ\u00fcrgen Loch die Geschichte der historischen Gierf\u00e4hre sowie des Alten Hafens\nund f\u00fchrt kostenfrei F\u00e4hrfahrten durch. Parken k\u00f6nnen Sie bequem bei der\nRheinhalle, \u00fcber die Br\u00fccke zum FVL-Gel\u00e4nde schlendern, beim Vogelpark \u00fcber den\nDamm und schon sind Sie vor Ort. Oder kommen Sie gerne mit dem Rad und erfahren\nSie mehr \u00fcber einen der sch\u00f6nsten Pl\u00e4tze in unserer Gemeinde. <\/p>\n\n\n\n<h2 class=\"wp-block-heading\"><\/h2>\n\n\n\n<p>Dieser Artikel wurde Ihnen empfohlen von <a rel=\"noreferrer noopener\" href=\"mailto:r.hauck@egg-leo.de\" target=\"_blank\">Regine Hauck \/ Gemeindeverwaltung Eggenstein-Leopoldshafen\u00a0<\/a> <\/p>\n\n\n\n<p>Badische\nNeueste Nachrichten | Hardt | HARDT | 24.06.2019 &nbsp;<\/p>\n\n\n\n<h2 class=\"wp-block-heading\"><\/h2>\n\n\n\n<figure class=\"wp-block-image\"><img loading=\"lazy\" decoding=\"async\" width=\"429\" height=\"339\" src=\"https:\/\/www.tassilo-timm.de\/wp-content\/uploads\/2019\/08\/grafik.png\" alt=\"\" class=\"wp-image-333\" srcset=\"https:\/\/www.tassilo-timm.de\/wp-content\/uploads\/2019\/08\/grafik.png 429w, https:\/\/www.tassilo-timm.de\/wp-content\/uploads\/2019\/08\/grafik-300x237.png 300w\" sizes=\"auto, (max-width: 429px) 100vw, 429px\" \/><\/figure>\n\n\n\n<p><\/p>\n\n\n\n<hr class=\"wp-block-separator\"\/>\n\n\n\n<p>Balkankl\u00e4nge\nin Auenidylle beim \u201ePiraten\u201c<\/p>\n\n\n\n<p>\u201ePamina\u201c-Wochenende\nim alten Hafen Leopoldshafen\n \n \n  \n  \n  \n  \n  \n  \n  \n  \n  \n  \n  \n  \n \n \n \n\n \n<\/p>\n\n\n\n<p>Beste\nStimmung herrschte beim F\u00e4hrfest innerhalb des \u201ePamina\u201c-Wochenendes in\nLeopoldshafen. Foto: Werner<\/p>\n\n\n\n<p>Hochwasser\nverhinderte Fahrten der Museumsf\u00e4hre<\/p>\n\n\n\n<p>Eggenstein-Leopoldshafen\n(awe). Improvisieren hie\u00df es f\u00fcr die Agenda Ortsgeschichte beim F\u00e4hrfest\ninnerhalb des \u201ePamina\u201c-Wochenendes im alten Hafen Leopoldshafen. Das Hochwasser\nvereitelte Pendelfahrten der Museumsf\u00e4hre, die damit auch nicht als B\u00fchne f\u00fcr\ndas Konzert \u201eTassilo\u2019s F\u00e4hr play\u201c des \u201eTrios Bagatello\u201c zur Verf\u00fcgung stand.\nDie fr\u00f6hlichen Klezmer- und Balkankl\u00e4nge der Weltmusiker wurden damit nicht\n\u00fcbers Wasser getragen, sondern im lauschigen Auenambiente hinauf zum \u201ePiraten\u201c.<\/p>\n\n\n\n<p>Rund um die\nWirtschaft lie\u00dfen es sich die vielen Besucher gut gehen. Die F\u00e4hrfahrten w\u00fcrden\nauf alle F\u00e4lle absehbar nachgeholt, versprach der Eggensteiner Agenda-Sprecher\nManfred Stern. Die fachkundigen Ausf\u00fchrungen zum Gef\u00e4hrt von J\u00fcrgen Loch, dem\nfr\u00fchere Rheinbinnenschiffer mit Patent, gab es dann am Ufer. Die F\u00e4hre, die\nurspr\u00fcnglich in Zwingenberg per Seilzug den Rhein\u00fcbergang gew\u00e4hrleistete, war\n1986 au\u00dfer Dienst gestellt und \u00fcber den Strom als neue Attraktion im Ort nach\nLeopoldshafen geschafft worden.<\/p>\n\n\n\n<p>Unterdessen\nkehrte Ralf Schreck mit seiner Gruppe von einem Naturausflug in die heimischen\nGefilde zur\u00fcck. Als ein Highlight nahmen die gro\u00dfen und kleinen Radler von der\nErkundungstour den Anblick von \u201eOsterluzei\u201c mit. Wie Schreck erl\u00e4uterte, handle\nes sich dabei um eine aus dem Mittelmeerraum eingewanderte fleischfressende\nPflanze, die in der Gegend offenbar nur an einem einzigen Standort am Rheindamm\nvorkomme. Viel Spa\u00df hatten die Kinder mit Tatjana Treiber und der Leobande beim\nBasteln und Spielen. Passend zum Pamina-Fest war ein R\u00e4tsel, bei dem die Kinder\neiniges \u00fcber Rheinfische lernten und wie diese in Frankreich genannt werden. <strong>B\u00fcrgermeister Bernd Stober freute sich \u00fcber\ndas gelungene Fest, das man auch bei Hochwasser idyllischer nicht haben k\u00f6nnte.\nSch\u00f6n w\u00e4re es, wenn sich die vor zwei Jahren noch als einmaliger Event geplante\nund gelaufene Veranstaltung dauerhaft etablieren w\u00fcrde.<\/strong><strong> <\/strong><strong><\/strong><\/p>\n\n\n\n<p><\/p>\n","protected":false},"excerpt":{"rendered":"<p>PAMINA-Fest mit F\u00e4hr-play-Matinee und mehr Die AG Ortsgeschichte Eggenstein-Leopoldshafen hatte ein tolles Programm f\u00fcr Gro\u00df &amp; Klein zusammengestellt. Frische Luft, Bewegung, Natur, Musik, F\u00fchrungen, Basteln und k\u00fchle erfrischende Getr\u00e4nke zu leckerem \u201ePiraten-Flammkuchen\u201c. Wer Kaffee &amp; Kuchen liebt war bei der &#8222;Leobande&#8220; richtig. Ein idealer Rahmen, um die Seele baumeln zu lassen und den Sonntag entspannt [&hellip;]<\/p>\n","protected":false},"author":3,"featured_media":0,"parent":0,"menu_order":0,"comment_status":"closed","ping_status":"closed","template":"page-templates\/page-nosidebars.php","meta":{"footnotes":""},"class_list":["post-316","page","type-page","status-publish","hentry"],"_links":{"self":[{"href":"https:\/\/www.tassilo-timm.de\/index.php?rest_route=\/wp\/v2\/pages\/316","targetHints":{"allow":["GET"]}}],"collection":[{"href":"https:\/\/www.tassilo-timm.de\/index.php?rest_route=\/wp\/v2\/pages"}],"about":[{"href":"https:\/\/www.tassilo-timm.de\/index.php?rest_route=\/wp\/v2\/types\/page"}],"author":[{"embeddable":true,"href":"https:\/\/www.tassilo-timm.de\/index.php?rest_route=\/wp\/v2\/users\/3"}],"replies":[{"embeddable":true,"href":"https:\/\/www.tassilo-timm.de\/index.php?rest_route=%2Fwp%2Fv2%2Fcomments&post=316"}],"version-history":[{"count":3,"href":"https:\/\/www.tassilo-timm.de\/index.php?rest_route=\/wp\/v2\/pages\/316\/revisions"}],"predecessor-version":[{"id":334,"href":"https:\/\/www.tassilo-timm.de\/index.php?rest_route=\/wp\/v2\/pages\/316\/revisions\/334"}],"wp:attachment":[{"href":"https:\/\/www.tassilo-timm.de\/index.php?rest_route=%2Fwp%2Fv2%2Fmedia&parent=316"}],"curies":[{"name":"wp","href":"https:\/\/api.w.org\/{rel}","templated":true}]}}