{"id":85,"date":"2019-05-30T13:24:45","date_gmt":"2019-05-30T11:24:45","guid":{"rendered":"https:\/\/www.tassilo-timm.de\/?page_id=85"},"modified":"2024-05-24T21:51:48","modified_gmt":"2024-05-24T19:51:48","slug":"schnell-und-hingerotzt","status":"publish","type":"page","link":"https:\/\/www.tassilo-timm.de\/?page_id=85","title":{"rendered":"Schnell und hingeworfen &#8230;"},"content":{"rendered":"<p>oder: aus der H\u00fcfte geschossen, schnell \u201eaus gegebenem Anlass\u201c begonnen im Sommer 2019 (mit Hilfe der Webseitenbetreuung von Mailaria (<a href=\"mailto:schmidt@mailaria.de\"><em>peter@mailaria.de<\/em><\/a>)) f\u00fcr die unverbesserlichen Referenzfetischisten anbei eine Auswahl was die Erinnerung gerade hergibt:<\/p>\n<ul>\n<li>\u00a0<\/li>\n<li>2024 Ausrichtung f\u00fcnfte &#8222;F\u00e4hr-play-Musikmatinee&#8220;<\/li>\n<li>2024 Ausstellung\u00a0 &#8222;Schillers BASAR &#8211; Patch-und Quiltarbeiten&#8220; in Karlsruhe<\/li>\n<li>2024 Gr\u00fcndung\u00a0 &#8222;Schiller(nde) Chor im MAKZ*-Karree&#8220;<\/li>\n<li>2024 Start Neuauflage\u00a0 &#8222;Musikertreff &#8211; Jamsessions f\u00fcr Musiker und Zuh\u00f6rg\u00e4ste&#8220;<\/li>\n<li>2024 Puppenspiel &#8222;Hans im Gl\u00fcck&#8220;<\/li>\n<li>2023 Projektstart &#8222;Klangarchitektur auf dem H\u00fcgel&#8220; beim Stelzenfestival bei Reuth<\/li>\n<li>2023 Ausrichtung vierte <em>&#8222;F\u00e4hr-play-Musikmatinee&#8220;<\/em><\/li>\n<li>2022 Ausrichtung vierte <em>&#8222;F\u00e4hr-play-Musikmatinee&#8220;<\/em><\/li>\n<li>2021 Corona-Hinterhofkonzert<\/li>\n<li>2021 Beginn der Buchreihe &#8222;Er&amp;ich&#8220;<\/li>\n<li>2020 Bilderbuch &#8222;Bauernfreud &#8211; und andere surreale Geschichten&#8220;<\/li>\n<li><a href=\"https:\/\/www.tassilo-timm.de\/?page_id=351 (\u00f6ffnet in neuem Tab)\" data-wplink-url-error=\"true\">2019 Ausstellung: &#8222;<em>Aus dem N\u00e4hk\u00e4stchen geplaudert: Holz- und Stoffgeschichten<\/em>&#8220;\u00a0 im Atelier in Eggenstein<\/a><\/li>\n<li><a href=\"https:\/\/www.tassilo-timm.de\/?page_id=283\">2019 Auftaktveranstaltung &#8222;Kult! Urzelle kultureller Ideen&#8220; in Lauda<\/a><\/li>\n<li><a href=\"https:\/\/www.tassilo-timm.de\/?page_id=316\">2019 Zweite \u201e<strong><em>F\u00e4hr-play-Matinee<\/em><\/strong>\u201c am <strong>23.06.2019<\/strong> zum internationalen PAMINA-Tag<\/a><\/li>\n<li>2019 Workshop Stadtplanung der Stadt Lauda mit Projektpartner B\u00fcro Jouaux<\/li>\n<li>2019 Stadtplanungsprojekt \u201e<em>Qua(r)T<\/em>\u201c in Lauda<\/li>\n<li>2019 Entwurf \u201e<em>NIL = <strong>N<\/strong>eobarocke <strong>I<\/strong>ndustrieschlo\u00dfanlage <strong>L<\/strong>auda<\/em>\u201c<\/li>\n<li><a href=\"https:\/\/www.tassilo-timm.de\/?page_id=326\">2019 Wall-art-Projekt \u201e<em>Surrealismus versus Giga-H\u00fchner von Oberlauda<\/em>\u201c in der HVHS Oberlauda<\/a><\/li>\n<li><a href=\"https:\/\/www.tassilo-timm.de\/?page_id=338\">2019 \u201e<em>Wasser marsch<\/em>\u201c Brunnenfest am Verfassungsbrunnen\/Rondellplatz in Karlsruhe<\/a><\/li>\n<li>2019 Projektstart\u00a0 &#8222;MAKZ *-Karree\u00a0 &#8211;\u00a0 Das Karlsruher Kulturquartier&#8220;<\/li>\n<li>2019 Er\u00f6ffnung \u201e<em>Galeriemuseum Daun Ander<\/em>\u201c in Karlsruhe<\/li>\n<li>2018 Konzeption \u201e<em>Kulturstra\u00dfe auf dem Radwanderweg Taubertal<\/em>\u201c<\/li>\n<li>2018 \u201e<em>Kulturhappening mit dem Goldadersuchschwein<\/em>\u201c in Lauda<\/li>\n<li>2017 Kreation \u201e<em>Garden of Gods<\/em>\u201c bei wall art project in Buenos Aires<\/li>\n<li>2017 Projektstart \u201e<em>F\u00e4hr-play-Matinee<\/em>\u201c auf der Museumsf\u00e4hre Eggenstein-Leopoldshafen<\/li>\n<li>2017 Lehrbuchproduktion \u201e<em>Das persische Alphabet mit Geschichten<\/em>\u201c<\/li>\n<li>2017 Persisches Norouz-Varietee mit Fr\u00fchlingsgedichten und Soundhappening<\/li>\n<li>2016 Varieteeabend \u201e<em>Literatur und Musik<\/em>\u201c mit eigenen Gedichten<\/li>\n<li>2016 Produktion und Auff\u00fchrung Staatstheater Karlsruhe bei \u201e<em>100 Dokumente<\/em>\u201c<\/li>\n<li><a href=\"https:\/\/www.tassilo-timm.de\/?page_id=81\">2015 Welturauff\u00fchrung \u201e<em>DUNDU jongliert<\/em>\u201c am Schlo\u00df in Karlsruhe<\/a><\/li>\n<li><a href=\"https:\/\/www.ka-news.de\/kultur\/regional\/300-stadtgeburtstag-karlsruhe.\/Was-hat-diese-gruene-Telefonzelle-mit-dem-Stadtgeburtstag-zu-tun;art136,1666326\" target=\"_blank\" rel=\"noopener noreferrer\">2015 Start Kulturprojekt\u00a0 \u201e<em>Kult! Urzelle kultureller Ideen<\/em>\u201c\u00a0 beim Stadtgeburtstag Karlsruhe<\/a><\/li>\n<li>2010 ff verschiedene Buch- und Illustrationsprojekte<\/li>\n<li>2009 Mehrmonatiger Studienaufenthalt USA<\/li>\n<li>2008 Gr\u00fcndung\u00a0 \u201e<em>Akademie der Bewegungsk\u00fcnste Karlsruhe<\/em>\u201c\u00a0 incl. mehrj\u00e4hrige Workshopleitung<\/li>\n<li><a href=\"http:\/\/www.ka2008.de\/karlsruhe.php?page=organisation&amp;lang=de\" target=\"_blank\" rel=\"noopener noreferrer\">2008 Projektleitung \u201e<em>28. Europ\u00e4ische Jonglier Convention (EJC)<\/em>\u201c (=weltgr\u00f6\u00dftes Artistenfestival)<\/a><\/li>\n<li>2005 Ausstellung in einer stillgelegten M\u00fchle: \u201e<em>MiNiMaL ART und andere Unartigkeiten<\/em>\u201c<\/li>\n<li>2005 Gr\u00fcndung Sektion Karlsruhe der Europ\u00e4ischen Brunnengesellschaft und Brunnenpate \u201e<em>Verfassungsbrunnen<\/em>\u201c<\/li>\n<li>2005 Vorstandsmitglied Europ\u00e4ische Brunnengesellschaft Karlsruhe<\/li>\n<li>2004 Varieteeproduktion \u201e<em>La Vie en rose<\/em>\u201c (Gesang und eigene Gedichte) in Weingarten\/Baden<\/li>\n<li>2003 Gr\u00fcndung Chorgemeinschaft \u201e<em>Die Nachtigallen<\/em>\u201c<\/li>\n<li>2001 Gedichtprojekt \u201e<em>Voll daneben<\/em>\u201c<\/li>\n<li>2002 Vorstandsmitglied Verein \u201e<em>Badische Heimat<\/em>\u201c<\/li>\n<li>2000 Organisationsteam \u201e<em>Ausrichtung EJC 2000 in Karlsruhe<\/em>\u201c \/ Verfasser des Buches\u00a0 \u201e<em>EJC 2000<\/em>\u201c<\/li>\n<li>1999 Varieteeproduktion \u201e<em>Kunststoff<\/em>\u201c auf der Theaterb\u00fchne bei \u201e<em>Das Fest<\/em>\u201c Karlsruhe<\/li>\n<li>1998 Interaktive Installation \u201e<em>R(h)eingucker<\/em>\u201c (MiNiMaL Art in Edelstahl, 4 m hoch) an der Rheinuferpromenade in Bad Godesberg<\/li>\n<li>1998 Gr\u00fcndervater \u201e<em>Pyramidaler Kleinkunstverein Karlsruhe e.V.&#8220;<\/em><\/li>\n<li>1997 Halbjahresaufenthalt in Manhattan mit u.a. \u201e<em>Hudson River Floating Project<\/em>\u201c<\/li>\n<li>1996 Start Atelierhausprojekt \u201e<em>Eggsteincitti \u2013 Kultur-und Kunst auf der Hardt<\/em>\u201c<\/li>\n<li>1994 Ausstellung der Objektinstallationen\u00a0 \u201e<em>\u2026 auch eine Schule!<\/em>\u201c im Technologiepark Karlsruhe<\/li>\n<li>1993 Leitung und Ausf\u00fchrung dritter humanit\u00e4rer Hilfstransport nach Krasnodar \/ Kaukasus<\/li>\n<li>1993 Teilnahme Ausgrabungscampagne\u00a0 \u201e<em>R\u00f6mer am Oberrhein<\/em>\u201c\u00a0 in Karlsruhe-Durlach<\/li>\n<li>1991 Auszeichnung durch Ministerpr\u00e4sident bei \u201e<em>Hervorragende B\u00fcrgerinitiative Baden-W.<\/em>\u201c<\/li>\n<li>1990 Ausf\u00fchrung erster humanit\u00e4rer Hilfstransport nach Krasnodar \/ Kaukasus<\/li>\n<li>1990 Gr\u00fcndung und Vorstand B\u00fcrgerinitiative \u201e<em>St\u00e4dtepartnerschaft Karlsruhe \u2013 Krasnodar<\/em>\u201c und <\/li>\n<li>1989 Gr\u00fcnder und Start des j\u00e4hrlichen \u201e<em>Pyramidales Kleinkunstfestival Karlsruhe<\/em>\u201c (bis heute)<\/li>\n<li>1986 Jahresaufenthalt in Nord- und Mittelamerika mit Projekt \u201e<em>Live &#8211; Zwei Semester auf der Universit\u00e4t des Lebens<\/em>\u201c u.a.<\/li>\n<li>1982 Gr\u00fcndung B\u00fcrgerinitiative \u201e<em>Naturschutzgebiet Fritschlach<\/em>\u201c in Karlsruhe mit erfolgreicher Inschutzstellung in 1992<\/li>\n<li>Studium und Staatspr\u00fcfungen gab\u00b4s auch<\/li>\n<li>ach, und \u00fcbrigens: Tassilo Timm wurde geboren im Juli 1965 mit dem ersten Gedicht<\/li>\n<\/ul>\n<p><em>Tassilo Timm \/ Mai 2024<\/em><\/p>\n<h6>\u00a0<\/h6>\n<h5><a href=\"https:\/\/www.tassilo-timm.de\/\">zur\u00fcck<\/a><\/h5>\n<h6>\u00a0<\/h6>\n\n\n<p><\/p>\n","protected":false},"excerpt":{"rendered":"<p>oder: aus der H\u00fcfte geschossen, schnell \u201eaus gegebenem Anlass\u201c begonnen im Sommer 2019 (mit Hilfe der Webseitenbetreuung von Mailaria (peter@mailaria.de)) f\u00fcr die unverbesserlichen Referenzfetischisten anbei eine Auswahl was die Erinnerung gerade hergibt: \u00a0 2024 Ausrichtung f\u00fcnfte &#8222;F\u00e4hr-play-Musikmatinee&#8220; 2024 Ausstellung\u00a0 &#8222;Schillers BASAR &#8211; Patch-und Quiltarbeiten&#8220; in Karlsruhe 2024 Gr\u00fcndung\u00a0 &#8222;Schiller(nde) Chor im MAKZ*-Karree&#8220; 2024 Start Neuauflage\u00a0 [&hellip;]<\/p>\n","protected":false},"author":1,"featured_media":0,"parent":0,"menu_order":0,"comment_status":"closed","ping_status":"closed","template":"page-templates\/page-nosidebars.php","meta":{"footnotes":""},"class_list":["post-85","page","type-page","status-publish","hentry"],"_links":{"self":[{"href":"https:\/\/www.tassilo-timm.de\/index.php?rest_route=\/wp\/v2\/pages\/85","targetHints":{"allow":["GET"]}}],"collection":[{"href":"https:\/\/www.tassilo-timm.de\/index.php?rest_route=\/wp\/v2\/pages"}],"about":[{"href":"https:\/\/www.tassilo-timm.de\/index.php?rest_route=\/wp\/v2\/types\/page"}],"author":[{"embeddable":true,"href":"https:\/\/www.tassilo-timm.de\/index.php?rest_route=\/wp\/v2\/users\/1"}],"replies":[{"embeddable":true,"href":"https:\/\/www.tassilo-timm.de\/index.php?rest_route=%2Fwp%2Fv2%2Fcomments&post=85"}],"version-history":[{"count":33,"href":"https:\/\/www.tassilo-timm.de\/index.php?rest_route=\/wp\/v2\/pages\/85\/revisions"}],"predecessor-version":[{"id":397,"href":"https:\/\/www.tassilo-timm.de\/index.php?rest_route=\/wp\/v2\/pages\/85\/revisions\/397"}],"wp:attachment":[{"href":"https:\/\/www.tassilo-timm.de\/index.php?rest_route=%2Fwp%2Fv2%2Fmedia&parent=85"}],"curies":[{"name":"wp","href":"https:\/\/api.w.org\/{rel}","templated":true}]}}